{"id":23,"date":"2012-07-03T20:15:07","date_gmt":"2012-07-03T19:15:07","guid":{"rendered":"http:\/\/www.gerardbresson.fr\/?page_id=23"},"modified":"2015-08-11T17:33:08","modified_gmt":"2015-08-11T15:33:08","slug":"les-equilibres","status":"publish","type":"page","link":"http:\/\/www.gerardbresson.fr\/?page_id=23","title":{"rendered":"Equilibres"},"content":{"rendered":"<p>\u00ab\u00a0Je souhaite faire de la sculpture, un instantan\u00e9 suspendu dans le temps.<\/p>\n<p>Pour cette raison sans doute, je hais la pesanteur, la pose ou le socle qui figent le mouvement. J&rsquo;aime que mes sculptures posent dans le vide, et que leur \u00e9quilibre soit si fragile que l&rsquo;\u0153il ne peut les saisir que dans l&rsquo;instant.<\/p>\n<p>Tout l&rsquo;art consiste alors \u00e0 donner vie \u00e0 la terre. Bien souvent la vie ne fait que passer aussi faut-il apprendre \u00e0 rester attentif et \u00e0 savoir s&rsquo;arr\u00eater \u00e0 l&rsquo;instant pr\u00e9cis ou le personnage model\u00e9 devient une personne.\u00a0\u00bb<\/p>\n<p style=\"text-align: right;\">G\u00e9rard BRESSON (04.09.2009)<\/p>\n<p style=\"text-align: center;\"><strong><em>Cliquez sur l&rsquo;image pour voir la sculpture sur toutes ses face<\/em><\/strong>s<\/p>\n<div id=\"attachment_272\" style=\"width: 250px\" class=\"wp-caption aligncenter\"><a href=\"http:\/\/www.gerardbresson.fr\/wp-content\/uploads\/2012\/07\/A-CALIFOURCHON.gif\"><img aria-describedby=\"caption-attachment-272\" decoding=\"async\" loading=\"lazy\" class=\"wp-image-272\" src=\"http:\/\/www.gerardbresson.fr\/wp-content\/uploads\/2012\/07\/A-CALIFOURCHON-225x300.gif\" alt=\"A CALIFOURCHON\" width=\"240\" height=\"320\" \/><\/a><p id=\"caption-attachment-272\" class=\"wp-caption-text\">A CALIFOURCHON<\/p><\/div>\n<div id=\"attachment_273\" style=\"width: 250px\" class=\"wp-caption aligncenter\"><a href=\"http:\/\/www.gerardbresson.fr\/wp-content\/uploads\/2012\/07\/A-CROUPETONS-.gif\"><img aria-describedby=\"caption-attachment-273\" decoding=\"async\" loading=\"lazy\" class=\"wp-image-273\" src=\"http:\/\/www.gerardbresson.fr\/wp-content\/uploads\/2012\/07\/A-CROUPETONS--225x300.gif\" alt=\"A CROUPETONS\" width=\"240\" height=\"320\" \/><\/a><p id=\"caption-attachment-273\" class=\"wp-caption-text\">A CROUPETONS<\/p><\/div>\n<div id=\"attachment_276\" style=\"width: 310px\" class=\"wp-caption aligncenter\"><a href=\"http:\/\/www.gerardbresson.fr\/wp-content\/uploads\/2012\/07\/CELINE-NATTE-TENDUE.gif\"><img aria-describedby=\"caption-attachment-276\" decoding=\"async\" loading=\"lazy\" class=\"wp-image-276 size-medium\" src=\"http:\/\/www.gerardbresson.fr\/wp-content\/uploads\/2012\/07\/CELINE-NATTE-TENDUE-300x225.gif\" alt=\"CELINE NATTE TENDUE\" width=\"300\" height=\"225\" \/><\/a><p id=\"caption-attachment-276\" class=\"wp-caption-text\">CELINE NATTE TENDUE<\/p><\/div>\n<div id=\"attachment_278\" style=\"width: 310px\" class=\"wp-caption aligncenter\"><a href=\"http:\/\/www.gerardbresson.fr\/wp-content\/uploads\/2012\/07\/EUGENIE-FLEXION.gif\"><img aria-describedby=\"caption-attachment-278\" decoding=\"async\" loading=\"lazy\" class=\"wp-image-278 size-medium\" src=\"http:\/\/www.gerardbresson.fr\/wp-content\/uploads\/2012\/07\/EUGENIE-FLEXION-300x225.gif\" alt=\"EUGENIE FLEXION\" width=\"300\" height=\"225\" \/><\/a><p id=\"caption-attachment-278\" class=\"wp-caption-text\">EUGENIE FLEXION<\/p><\/div>\n<div id=\"attachment_277\" style=\"width: 310px\" class=\"wp-caption aligncenter\"><a href=\"http:\/\/www.gerardbresson.fr\/wp-content\/uploads\/2012\/07\/ENCORE-COUETTE.gif\"><img aria-describedby=\"caption-attachment-277\" decoding=\"async\" loading=\"lazy\" class=\"wp-image-277 size-medium\" src=\"http:\/\/www.gerardbresson.fr\/wp-content\/uploads\/2012\/07\/ENCORE-COUETTE-300x225.gif\" alt=\"ENCORE COUETTE\" width=\"300\" height=\"225\" \/><\/a><p id=\"caption-attachment-277\" class=\"wp-caption-text\">ENCORE COUETTE<\/p><\/div>\n<div id=\"attachment_274\" style=\"width: 310px\" class=\"wp-caption aligncenter\"><a href=\"http:\/\/www.gerardbresson.fr\/wp-content\/uploads\/2012\/07\/A-LE-VIEUX-PNEU.gif\"><img aria-describedby=\"caption-attachment-274\" decoding=\"async\" loading=\"lazy\" class=\"wp-image-274 size-medium\" src=\"http:\/\/www.gerardbresson.fr\/wp-content\/uploads\/2012\/07\/A-LE-VIEUX-PNEU-300x220.gif\" alt=\"A LE VIEUX PNEU\" width=\"300\" height=\"220\" \/><\/a><p id=\"caption-attachment-274\" class=\"wp-caption-text\">A LE VIEUX PNEU<\/p><\/div>\n<div id=\"attachment_275\" style=\"width: 235px\" class=\"wp-caption aligncenter\"><a href=\"http:\/\/www.gerardbresson.fr\/wp-content\/uploads\/2012\/07\/CA-PLANE-POUR-MOI.gif\"><img aria-describedby=\"caption-attachment-275\" decoding=\"async\" loading=\"lazy\" class=\"size-medium wp-image-275\" src=\"http:\/\/www.gerardbresson.fr\/wp-content\/uploads\/2012\/07\/CA-PLANE-POUR-MOI-225x300.gif\" alt=\"CA PLANE POUR MOI\" width=\"225\" height=\"300\" \/><\/a><p id=\"caption-attachment-275\" class=\"wp-caption-text\">CA PLANE POUR MOI<\/p><\/div>\n","protected":false},"excerpt":{"rendered":"<p>\u00ab\u00a0Je souhaite faire de la sculpture, un instantan\u00e9 suspendu dans le temps. Pour cette raison sans doute, je hais la pesanteur, la pose ou le socle qui figent le mouvement. J&rsquo;aime que mes sculptures posent dans le vide, et que &hellip; <a href=\"http:\/\/www.gerardbresson.fr\/?page_id=23\">Continuer la lecture <span class=\"meta-nav\">&rarr;<\/span><\/a><\/p>\n","protected":false},"author":1,"featured_media":0,"parent":21,"menu_order":3,"comment_status":"closed","ping_status":"closed","template":"onecolumn-page.php","meta":[],"_links":{"self":[{"href":"http:\/\/www.gerardbresson.fr\/index.php?rest_route=\/wp\/v2\/pages\/23"}],"collection":[{"href":"http:\/\/www.gerardbresson.fr\/index.php?rest_route=\/wp\/v2\/pages"}],"about":[{"href":"http:\/\/www.gerardbresson.fr\/index.php?rest_route=\/wp\/v2\/types\/page"}],"author":[{"embeddable":true,"href":"http:\/\/www.gerardbresson.fr\/index.php?rest_route=\/wp\/v2\/users\/1"}],"replies":[{"embeddable":true,"href":"http:\/\/www.gerardbresson.fr\/index.php?rest_route=%2Fwp%2Fv2%2Fcomments&post=23"}],"version-history":[{"count":20,"href":"http:\/\/www.gerardbresson.fr\/index.php?rest_route=\/wp\/v2\/pages\/23\/revisions"}],"predecessor-version":[{"id":346,"href":"http:\/\/www.gerardbresson.fr\/index.php?rest_route=\/wp\/v2\/pages\/23\/revisions\/346"}],"up":[{"embeddable":true,"href":"http:\/\/www.gerardbresson.fr\/index.php?rest_route=\/wp\/v2\/pages\/21"}],"wp:attachment":[{"href":"http:\/\/www.gerardbresson.fr\/index.php?rest_route=%2Fwp%2Fv2%2Fmedia&parent=23"}],"curies":[{"name":"wp","href":"https:\/\/api.w.org\/{rel}","templated":true}]}}