{"id":31,"date":"2012-07-03T20:18:26","date_gmt":"2012-07-03T19:18:26","guid":{"rendered":"http:\/\/www.gerardbresson.fr\/?page_id=31"},"modified":"2015-07-26T20:58:08","modified_gmt":"2015-07-26T18:58:08","slug":"demarche-artistique","status":"publish","type":"page","link":"http:\/\/www.gerardbresson.fr\/?page_id=31","title":{"rendered":"D\u00e9marche artistique"},"content":{"rendered":"<p>Une sculpture est un parcours, qui doit r\u00e9v\u00e9ler au spectateur quelque chose de nouveau \u00e0 chaque pas qu\u2019il engage autour d\u2019elle. Elle doit s\u2019impose au regard, se donner en spectacle, en magn\u00e9tisant toutes les \u00e9nergies au milieu d\u2019une pi\u00e8ce par la danse qu\u2019elle effectue dans l\u2019espace. Du mouvement seulement doit ensuite jaillir l\u2019int\u00e9riorit\u00e9 de la pi\u00e8ce ou encore \u00ab\u00a0l\u2019id\u00e9e\u00a0\u00bb qu\u2019elle exprime. Ce n\u2019est pas l\u2019id\u00e9e qui guide le processus, mais bien le libre jeu des formes et de la mati\u00e8re.<\/p>\n<p>(L\u2019artiste contemporain doit par son \u0153uvre v\u00e9hiculer des id\u00e9es fortes. Il me semble pourtant qu\u2019\u00e0 force de privil\u00e9gier cet aspect, on a fini par r\u00e9duire le travail de la forme \u00e0 sa plus simple expression. Et l\u2019id\u00e9e n\u2019a pas gagn\u00e9 en profondeur\u00a0!)<\/p>\n<p>Pour moi, mes sculptures doivent d\u2019abord cr\u00e9er le choc d\u2019une rencontre.<\/p>\n<p>Ayant ainsi impos\u00e9 leur pr\u00e9sence, elles se doivent de cr\u00e9er une atmosph\u00e8re de bien-\u00eatre, susciter des instants de qui\u00e8tude, de calme et de tendresse.<\/p>\n<p>Enfin laisser le souvenir vivace d\u2019une \u00e9motion.<\/p>\n<p>Mes sculptures, je les r\u00e9alise par pulsions, par associations d\u2019id\u00e9es, par s\u00e9ries. Je ne suis pas un intellectuel de la sculpture. Je suis un \u00ab instinctuel\u00bb. Le corps humain m\u2019inspire, essentiellement. J\u2019aime traduire ses attitudes, les sentiments qu\u2019il exprime \u00e0 travers elles et que je tente de rendre par l\u2019 expression du visage, du corps et surtout, par le mouvement. Ce que je d\u00e9sire capter et transmettre est de l\u2019ordre du r\u00e9alisme, certes, mais il s\u2019agit du r\u00e9alisme du sentiment.<\/p>\n<p>Et comme je go\u00fbte peu les poses statiques, mes pi\u00e8ces ont cette forme de d\u00e9s\u00e9quilibre, qui est mouvement. Car le mouvement en sculpture est une id\u00e9e, que prolonge le regard\u2026<\/p>\n","protected":false},"excerpt":{"rendered":"<p>Une sculpture est un parcours, qui doit r\u00e9v\u00e9ler au spectateur quelque chose de nouveau \u00e0 chaque pas qu\u2019il engage autour d\u2019elle. Elle doit s\u2019impose au regard, se donner en spectacle, en magn\u00e9tisant toutes les \u00e9nergies au milieu d\u2019une pi\u00e8ce par &hellip; <a href=\"http:\/\/www.gerardbresson.fr\/?page_id=31\">Continuer la lecture <span class=\"meta-nav\">&rarr;<\/span><\/a><\/p>\n","protected":false},"author":1,"featured_media":0,"parent":0,"menu_order":3,"comment_status":"closed","ping_status":"closed","template":"onecolumn-page.php","meta":[],"_links":{"self":[{"href":"http:\/\/www.gerardbresson.fr\/index.php?rest_route=\/wp\/v2\/pages\/31"}],"collection":[{"href":"http:\/\/www.gerardbresson.fr\/index.php?rest_route=\/wp\/v2\/pages"}],"about":[{"href":"http:\/\/www.gerardbresson.fr\/index.php?rest_route=\/wp\/v2\/types\/page"}],"author":[{"embeddable":true,"href":"http:\/\/www.gerardbresson.fr\/index.php?rest_route=\/wp\/v2\/users\/1"}],"replies":[{"embeddable":true,"href":"http:\/\/www.gerardbresson.fr\/index.php?rest_route=%2Fwp%2Fv2%2Fcomments&post=31"}],"version-history":[{"count":7,"href":"http:\/\/www.gerardbresson.fr\/index.php?rest_route=\/wp\/v2\/pages\/31\/revisions"}],"predecessor-version":[{"id":268,"href":"http:\/\/www.gerardbresson.fr\/index.php?rest_route=\/wp\/v2\/pages\/31\/revisions\/268"}],"wp:attachment":[{"href":"http:\/\/www.gerardbresson.fr\/index.php?rest_route=%2Fwp%2Fv2%2Fmedia&parent=31"}],"curies":[{"name":"wp","href":"https:\/\/api.w.org\/{rel}","templated":true}]}}